{"id":23,"date":"2013-07-26T19:28:58","date_gmt":"2013-07-26T17:28:58","guid":{"rendered":"http:\/\/localhost\/wordpress\/?page_id=23"},"modified":"2026-03-18T20:06:34","modified_gmt":"2026-03-18T18:06:34","slug":"impressum","status":"publish","type":"page","link":"https:\/\/www.clickelicke.net\/in\/impressum\/","title":{"rendered":"IMPRESSUM"},"content":{"rendered":"<div class=\"entry-contents\">\n<h3>Impressum gem\u00e4\u00df \u00a75 Telemediengesetz::<\/h3>\n<table style=\"width: 460px; padding: 2px 4px;\" border=\"0\">\n<tbody>\n<tr>\n<td style=\"width: 200px; padding: 2px 4px;\"><strong>Dienstanbieter<\/strong><\/td>\n<td style=\"width: 200px; padding: 2px 4px;\">Enis Selmanagic<br \/>\nGrosse Seestr.108<br \/>\n13086 Berlin<\/td>\n<\/tr>\n<tr>\n<td style=\"width: 200px; padding: 2px 4px;\"><\/td>\n<td style=\"width: 200px; padding: 2px 4px;\"><\/td>\n<\/tr>\n<tr>\n<td style=\"width: 200px; padding: 2px 4px;\"><strong>Inhaber<\/strong><\/td>\n<td style=\"width: 200px; padding: 2px 4px;\"><strong>Enis Selmanagic<br \/>\n<\/strong><\/td>\n<\/tr>\n<tr>\n<td style=\"width: 200px; padding: 2px 4px;\"><strong>Vertretungsberechtigter<\/strong><\/td>\n<td style=\"width: 200px; padding: 2px 4px;\"><strong>Enis Selmanagic<\/strong><\/td>\n<\/tr>\n<tr>\n<td style=\"width: 200px; padding: 2px 4px;\"><strong>Domain<\/strong><\/td>\n<td style=\"width: 200px; padding: 2px 4px;\">clickelicke.eu<br \/>\nclickelicke.net<br \/>\nclickelicke.de<br \/>\nclickelicke.org<br \/>\nclickelicke.com<\/td>\n<\/tr>\n<tr>\n<td style=\"width: 200px; padding: 2px 4px;\"><\/td>\n<td style=\"width: 200px; padding: 2px 4px;\"><\/td>\n<\/tr>\n<tr>\n<td style=\"width: 200px; padding: 2px 4px;\"><strong>Adresse<\/strong><\/td>\n<td style=\"width: 200px; padding: 2px 4px;\">Enis Selmanagic<br \/>\nGrosse Seestr.108<br \/>\n13086 Berlin<\/td>\n<\/tr>\n<tr>\n<td style=\"width: 200px; padding: 2px 4px;\"><\/td>\n<td style=\"width: 200px; padding: 2px 4px;\"><\/td>\n<\/tr>\n<tr>\n<td style=\"width: 200px; padding: 2px 4px;\"><strong>Telefon<\/strong><\/td>\n<td style=\"width: 200px; padding: 2px 4px;\">\u00a0030-94405620<\/td>\n<\/tr>\n<tr>\n<td style=\"width: 200px; padding: 2px 4px;\"><strong>E-mail<\/strong><\/td>\n<td style=\"width: 200px; padding: 2px 4px;\"><a href=\"mailto:info@clickelicke.net\">info@clickelicke.net<\/a><\/td>\n<\/tr>\n<tr>\n<td style=\"width: 200px; padding: 2px 4px;\"><\/td>\n<td style=\"width: 200px; padding: 2px 4px;\"><\/td>\n<\/tr>\n<tr>\n<td style=\"width: 200px; padding: 2px 4px;\"><strong>Web<\/strong><\/td>\n<td style=\"width: 200px; padding: 2px 4px;\"><a href=\"http:\/\/www.clickelicke.eu\">www.clickelicke.net<\/a><\/td>\n<\/tr>\n<tr>\n<td style=\"width: 200px; padding: 2px 4px;\"><\/td>\n<td style=\"width: 200px; padding: 2px 4px;\"><\/td>\n<\/tr>\n<tr>\n<td style=\"width: 200px; padding: 2px 4px;\"><strong>Redaktion \/ Verantwortlicher f\u00fcr den Inhalt ist gem\u00e4\u00df \u00a7 55 Abs. 2 RStV<br \/>\n<\/strong><\/td>\n<td style=\"width: 200px; padding: 2px 4px;\">Enis Selmanagic<\/td>\n<\/tr>\n<tr>\n<td style=\"width: 200px; padding: 2px 4px;\"><\/td>\n<td style=\"width: 200px; padding: 2px 4px;\"><a href=\"mailto:info@clickelicke.net\">info@clickelicke.net<\/a><\/td>\n<\/tr>\n<tr>\n<td style=\"width: 200px; padding: 2px 4px;\"><strong>Wirtschafts-Identifikationsnummer<\/strong>:<\/td>\n<td style=\"width: 200px; padding: 2px 4px;\">DE405767889-00001<\/td>\n<\/tr>\n<tr>\n<td style=\"width: 200px; padding: 2px 4px;\"><strong>Finanzamt<\/strong>:<\/td>\n<td style=\"width: 200px; padding: 2px 4px;\">Finanzamt Berlin Friedrichshain-Kreuzberg<\/td>\n<\/tr>\n<tr>\n<td style=\"width: 200px; padding: 2px 4px;\"><\/td>\n<td style=\"width: 200px; padding: 2px 4px;\"><\/td>\n<\/tr>\n<tr>\n<td style=\"width: 200px; padding: 2px 4px;\"><strong>Gestaltung &amp; Technische Umsetzung<\/strong><\/td>\n<td style=\"width: 200px; padding: 2px 4px;\"><a href=\"http:\/\/www.famewithoutmoney.biz\" target=\"_blank\" rel=\"noopener noreferrer\">www.famewithoutmoney.biz<\/a><\/td>\n<\/tr>\n<tr>\n<td style=\"width: 200px; padding: 2px 4px;\"><\/td>\n<td style=\"width: 200px; padding: 2px 4px;\"><\/td>\n<\/tr>\n<tr>\n<td style=\"width: 200px; padding: 2px 4px;\"><strong>Bei technischen oder inhaltlichen Fragen wenden Sie sich bitte an:<\/strong><\/td>\n<td style=\"width: 200px; padding: 2px 4px;\"><a href=\"mailto:info@clickelicke.net\">info@clickelicke.net<\/a><\/td>\n<\/tr>\n<tr>\n<td style=\"width: 200px; padding: 2px 4px;\"><\/td>\n<td style=\"width: 200px; padding: 2px 4px;\"><\/td>\n<\/tr>\n<tr>\n<td style=\"width: 200px; padding: 2px 4px;\"><\/td>\n<td style=\"width: 200px; padding: 2px 4px;\"><\/td>\n<\/tr>\n<tr>\n<td style=\"width: 200px; padding: 2px 4px;\"><\/td>\n<td style=\"width: 200px; padding: 2px 4px;\"><\/td>\n<\/tr>\n<tr>\n<td style=\"width: 200px; padding: 2px 4px;\"><\/td>\n<td style=\"width: 200px; padding: 2px 4px;\"><\/td>\n<\/tr>\n<\/tbody>\n<\/table>\n<h3><\/h3>\n<h3>Verbraucherschlichtung<\/h3>\n<p>Wir sind zur Teilnahme an einem Streitbeilegungsverfahren vor einer Verbraucherschlichtungsstelle weder verpflichtet noch bereit.<\/p>\n<h3><\/h3>\n<h3>Haftungsausschlu\u00df<\/h3>\n<p>1. Inhalt des Onlineangebotes<br \/>\nDer Autor selbst und die Informationszubringer sind stets bem\u00fcht, qualitativ hochwertige Informationen zur Verf\u00fcgung zu stellen. Trotzdem \u00fcbernimmt der Autor keinerlei Gew\u00e4hr f\u00fcr die Aktualit\u00e4t, Korrektheit, Vollst\u00e4ndigkeit oder Qualit\u00e4t der bereitgestellten Informationen. Haftungsanspr\u00fcche gegen den Autor, die sich auf Sch\u00e4den materieller oder ideeller Art beziehen, welche durch die Nutzung oder Nichtnutzung der dargebotenen Informationen bzw. durch die Nutzung fehlerhafter und unvollst\u00e4ndiger Informationen verursacht wurden sind grunds\u00e4tzlich ausgeschlossen, sofern seitens des Autors kein nachweislich vors\u00e4tzliches oder grob fahrl\u00e4ssiges Verschulden vorliegt. Alle Angebote sind freibleibend und unverbindlich. Der Autor beh\u00e4lt es sich ausdr\u00fccklich vor, Teile der Seiten oder das gesamte Angebot ohne gesonderte Ank\u00fcndigung zu ver\u00e4ndern, zu erg\u00e4nzen, zu l\u00f6schen oder die Ver\u00f6ffentlichung zeitweise oder endg\u00fcltig einzustellen.<\/p>\n<p>2. Verweise und Links<br \/>\nSofern auf Verweisziele (\u201cLinks\u201d) direkt oder indirekt verwiesen wird, die au\u00dferhalb des Verantwortungsbereiches des Autors liegen, haftet dieser nur dann, wenn er von den Inhalten Kenntnis hat und es ihm technisch m\u00f6glich und zumutbar w\u00e4re, die Nutzung im Falle rechtswidriger Inhalte zu verhindern. F\u00fcr dar\u00fcber hinausgehende Inhalte und insbesondere f\u00fcr Sch\u00e4den, die aus der Nutzung oder Nichtnutzung solcherart dargebotener Informationen entstehen, haftet allein der Anbieter dieser Seiten, nicht derjenige, der \u00fcber Links auf die jeweilige Ver\u00f6ffentlichung lediglich verweist. Diese Einschr\u00e4nkung gilt gleicherma\u00dfen auch f\u00fcr Fremdeintr\u00e4ge in vom Autor eingerichteten G\u00e4steb\u00fcchern, Diskussionsforen und Mailinglisten.<\/p>\n<p>3. Urheberrecht<br \/>\nDer Autor ist bestrebt, in allen Publikationen die Urheberrechte der verwendeten Grafiken, Videos, Sounds und Texte zu beachten, von ihm selbst erstellte Grafiken, Videos, Sounds und Texte zu nutzen oder auf lizenzfreie Grafiken, Sounds und Texte zur\u00fcckzugreifen. Sollte sich auf den jeweiligen Seiten dennoch eine ungekennzeichnete, aber durch fremdes Copyright gesch\u00fctzte Grafik, ein Sound oder Text befinden, so konnte das Copyright vom Autor nicht festgestellt werden. Im Falle einer solchen unbeabsichtigten Copyrightverletzung wird der Autor das entsprechende Objekt nach Benachrichtigung aus seiner Publikation entfernen bzw. mit dem entsprechenden Copyright kenntlich machen. S\u00e4mtliche Abbildungen und Fotos auf der Webseite <em>clickelicke.eu, clickelicke.net, clickelicke.de, clickelicke.org, clickelicke.com.<\/em> sind urheberrechtlich gesch\u00fctzt. Bitte habt Verst\u00e4ndnis, dass der Missbrauch strafrechtlich verfolgt werden kann.<\/p>\n<p>4. Rechtswirksamkeit dieses Haftungsausschlusses<br \/>\nDieser Haftungsausschluss ist als Teil des Internetangebotes zu betrachten, von dem aus auf diese Seite verwiesen wurde. Sofern Teile oder einzelne Formulierungen dieses Textes der geltenden Rechtslage nicht, nicht mehr oder nicht vollst\u00e4ndig entsprechen sollten, bleiben die \u00fcbrigen Teile des Dokumentes in ihrem Inhalt und ihrer G\u00fcltigkeit davon unber\u00fchrt.<\/p>\n<p>5. Soweit die Haftung f\u00fcr\u00a0Enis Selmanagic ausgeschlossen oder begrenzt ist, gilt dies auch f\u00fcr die Haftung der gesetzlichen Vertreter von Enis Selmanagic.<\/p>\n<p>6. Enis Selmanagic haftet nur f\u00fcr eigene Inhalte auf der Webseite\u00a0<em>clickelicke.eu, clickelicke.net, clickelicke.de, clickelicke.org, clickelicke.com.<\/em> Soweit\u00a0Enis Selmanagic mit den Links den Zugang zu anderen Websites erm\u00f6glicht, ist sie f\u00fcr die dort erhaltenen fremden Inhalte nicht verantwortlich. Sie macht sich die fremden Inhalte nicht zu Eigen. Sofern\u00a0Enis Selmanagic Kenntnis von rechtswidrigen Inhalten auf externen Websites erh\u00e4lt, wird sie den Zugang zu diesen Seiten unverz\u00fcglich sperren.<\/p>\n<p>7. Gerichtsstand<br \/>\nGerichtsstand und Erf\u00fcllungsort ist f\u00fcr beide Parteien Berlin.<\/p>\n<p>8. Salvatorische Klausel<br \/>\nSollten einer oder mehrere Punkte unserer Allgemeinen Gesch\u00e4ftsbedingungen unwirksam sein oder werden, hat dies keine Beeintr\u00e4chtigung auf die Wirksamkeit der verbleibenden Punkte und die Wirksamkeit des Vertrages in seiner Gesamtheit. An die Stelle der unwirksamen Bestimmung soll diejenige Regelung treten, deren Wirkung der wirtschaftlichen Zielsetzung m\u00f6glichst nahe kommt, die die Vertragsparteien mit der unwirksamen Bestimmung verfolgt haben. \u00a7 139 BGB ist ausgeschlossen.<\/p>\n<p>-clickelicke.eu \u2013 Enis Selmanagic | Berlin im 01-01-2017<\/p>\n<\/div>\n","protected":false},"excerpt":{"rendered":"<p>Impressum gem\u00e4\u00df \u00a75 Telemediengesetz:: Dienstanbieter Enis Selmanagic Grosse Seestr.108 13086 Berlin Inhaber Enis Selmanagic Vertretungsberechtigter Enis Selmanagic Domain clickelicke.eu clickelicke.net clickelicke.de clickelicke.org clickelicke.com Adresse Enis Selmanagic Grosse Seestr.108 13086 Berlin Telefon \u00a0030-94405620 E-mail info@clickelicke.net Web www.clickelicke.net Redaktion \/ Verantwortlicher f\u00fcr den Inhalt ist gem\u00e4\u00df \u00a7 55 Abs. 2 RStV Enis Selmanagic info@clickelicke.net Wirtschafts-Identifikationsnummer: DE405767889-00001 Finanzamt: [&hellip;]<\/p>\n","protected":false},"author":1,"featured_media":1262,"parent":0,"menu_order":0,"comment_status":"open","ping_status":"open","template":"","meta":{"_acf_changed":false,"inline_featured_image":false,"footnotes":""},"class_list":["post-23","page","type-page","status-publish","has-post-thumbnail","hentry"],"acf":[],"_links":{"self":[{"href":"https:\/\/www.clickelicke.net\/in\/wp-json\/wp\/v2\/pages\/23"}],"collection":[{"href":"https:\/\/www.clickelicke.net\/in\/wp-json\/wp\/v2\/pages"}],"about":[{"href":"https:\/\/www.clickelicke.net\/in\/wp-json\/wp\/v2\/types\/page"}],"author":[{"embeddable":true,"href":"https:\/\/www.clickelicke.net\/in\/wp-json\/wp\/v2\/users\/1"}],"replies":[{"embeddable":true,"href":"https:\/\/www.clickelicke.net\/in\/wp-json\/wp\/v2\/comments?post=23"}],"version-history":[{"count":5,"href":"https:\/\/www.clickelicke.net\/in\/wp-json\/wp\/v2\/pages\/23\/revisions"}],"predecessor-version":[{"id":6256,"href":"https:\/\/www.clickelicke.net\/in\/wp-json\/wp\/v2\/pages\/23\/revisions\/6256"}],"wp:featuredmedia":[{"embeddable":true,"href":"https:\/\/www.clickelicke.net\/in\/wp-json\/"}],"wp:attachment":[{"href":"https:\/\/www.clickelicke.net\/in\/wp-json\/wp\/v2\/media?parent=23"}],"curies":[{"name":"wp","href":"https:\/\/api.w.org\/{rel}","templated":true}]}}